{"id":4551,"date":"2024-11-14T16:31:53","date_gmt":"2024-11-14T15:31:53","guid":{"rendered":"https:\/\/ttundh.de\/esgdna2024\/?page_id=4551"},"modified":"2026-02-09T11:14:46","modified_gmt":"2026-02-09T10:14:46","slug":"impressum","status":"publish","type":"page","link":"https:\/\/esg-dna.com\/en\/impressum\/","title":{"rendered":"Imprint"},"content":{"rendered":"<div data-elementor-type=\"wp-page\" data-elementor-id=\"4551\" class=\"elementor elementor-4551\">\n\t\t\t\t<div class=\"elementor-element elementor-element-0302391 e-flex e-con-boxed e-con e-parent\" data-id=\"0302391\" data-element_type=\"container\" data-e-type=\"container\">\n\t\t\t\t\t<div class=\"e-con-inner\">\n\t\t<div class=\"elementor-element elementor-element-8df21bd e-flex e-con-boxed e-con e-child\" data-id=\"8df21bd\" data-element_type=\"container\" data-e-type=\"container\">\n\t\t\t\t\t<div class=\"e-con-inner\">\n\t\t\t\t<div class=\"elementor-element elementor-element-cb8cdc4 elementor-widget elementor-widget-heading\" data-id=\"cb8cdc4\" data-element_type=\"widget\" data-e-type=\"widget\" data-widget_type=\"heading.default\">\n\t\t\t\t<div class=\"elementor-widget-container\">\n\t\t\t\t\t<h2 class=\"elementor-heading-title elementor-size-default\">Imprint<\/h2>\t\t\t\t<\/div>\n\t\t\t\t<\/div>\n\t\t\t\t\t<\/div>\n\t\t\t\t<\/div>\n\t\t\t\t\t<\/div>\n\t\t\t\t<\/div>\n\t\t<div class=\"elementor-element elementor-element-50cbc6c e-flex e-con-boxed e-con e-parent\" data-id=\"50cbc6c\" data-element_type=\"container\" data-e-type=\"container\" data-settings=\"{&quot;background_background&quot;:&quot;classic&quot;}\">\n\t\t\t\t\t<div class=\"e-con-inner\">\n\t\t\t\t<div class=\"elementor-element elementor-element-ce2d6d2 elementor-widget elementor-widget-text-editor\" data-id=\"ce2d6d2\" data-element_type=\"widget\" data-e-type=\"widget\" data-widget_type=\"text-editor.default\">\n\t\t\t\t<div class=\"elementor-widget-container\">\n\t\t\t\t\t\t\t\t\t<div class=\"page\" title=\"Page 1\">\n<div class=\"section\">\n<div class=\"layoutArea\">\n<div class=\"column\">\n<div class=\"page\" title=\"Page 1\">\n<div class=\"section\">\n<div class=\"layoutArea\">\n<div class=\"column\">\n<section class=\"elementor-section elementor-top-section elementor-element elementor-element-7e4d25f elementor-section-boxed elementor-section-height-default elementor-section-height-default parallax_section_no qode_elementor_container_no\" data-id=\"7e4d25f\" data-element_type=\"section\">\n<div class=\"elementor-container elementor-column-gap-default\">\n<div class=\"elementor-column elementor-col-33 elementor-top-column elementor-element elementor-element-3994c4e\" data-id=\"3994c4e\" data-element_type=\"column\">\n<div class=\"elementor-widget-wrap elementor-element-populated\">\n<div class=\"elementor-element elementor-element-5a464da elementor-widget elementor-widget-text-editor\" data-id=\"5a464da\" data-element_type=\"widget\" data-widget_type=\"text-editor.default\">\n<div class=\"elementor-widget-container\">\n<p><strong>Information in accordance with Section 5 of the Telemedia Act<br>\n<\/strong>ESG.DNA GmbH<br>\nc\/o collective.ruhr<br>\nR\u00fcttenscheider Str. 120<br>\n45131 Essen<\/p>\n<p>&nbsp;<\/p>\n<p><b>Commercial register<\/b>: HRB 36716<br>\n<b>Registration court<\/b>: Amtsgericht Essen<\/p>\n<\/div>\n<\/div>\n<\/div>\n<\/div>\n<div class=\"elementor-column elementor-col-33 elementor-top-column elementor-element elementor-element-5ca8263\" data-id=\"5ca8263\" data-element_type=\"column\">\n<div class=\"elementor-widget-wrap elementor-element-populated\">\n<div class=\"elementor-element elementor-element-98a5a47 elementor-widget elementor-widget-text-editor\" data-id=\"98a5a47\" data-element_type=\"widget\" data-widget_type=\"text-editor.default\">\n<div class=\"elementor-widget-container\">\n<p><strong>Represented by<\/strong><br>\nMark Bennett<br>\nJ\u00f6rg Uwer<\/p>\n<\/div>\n<\/div>\n<\/div>\n<\/div>\n<div class=\"elementor-column elementor-col-33 elementor-top-column elementor-element elementor-element-53a4166\" data-id=\"53a4166\" data-element_type=\"column\">\n<div class=\"elementor-widget-wrap elementor-element-populated\">\n<div class=\"elementor-element elementor-element-8270870 elementor-widget elementor-widget-text-editor\" data-id=\"8270870\" data-element_type=\"widget\" data-widget_type=\"text-editor.default\">\n<div class=\"elementor-widget-container\">\n<p><strong>Contact<br>\n<\/strong>Phone: +49 69 74 22 16 80<br>\nE-mail:&nbsp;<a href=\"mailto:info@esg-dna.com\" target=\"_blank\" rel=\"noopener\" data-auto-event-observed=\"true\">info@esg-dna.com<\/a><\/p>\n<\/div>\n<\/div>\n<\/div>\n<\/div>\n<\/div>\n<\/section>\n<section class=\"elementor-section elementor-top-section elementor-element elementor-element-6fa038b elementor-section-boxed elementor-section-height-default elementor-section-height-default parallax_section_no qode_elementor_container_no\" data-id=\"6fa038b\" data-element_type=\"section\">\n<div class=\"elementor-container elementor-column-gap-default\">\n<div class=\"elementor-column elementor-col-100 elementor-top-column elementor-element elementor-element-de9da14\" data-id=\"de9da14\" data-element_type=\"column\">\n<div class=\"elementor-widget-wrap elementor-element-populated\">\n<div class=\"elementor-element elementor-element-cd4ac43 elementor-widget elementor-widget-text-editor\" data-id=\"cd4ac43\" data-element_type=\"widget\" data-widget_type=\"text-editor.default\">\n<div class=\"elementor-widget-container\">\n<p><strong><br>\nEU dispute resolution<\/strong><br>\nThe European Commission provides a platform for online dispute resolution (OS): https:\/\/ec.europa.eu\/consumers\/odr.<br>\nOur e-mail address can be found above in the imprint.<\/p>\n<p>&nbsp;<\/p>\n<p><strong>Consumer dispute resolution\/universal arbitration board<\/strong><br>\nWe participate in a dispute resolution procedure before a consumer arbitration board. The competent body is the Universalschlichtungsstelle of the Zentrum f\u00fcr Schlichtung e.V., Stra\u00dfburger Stra\u00dfe 8, 77694 Kehl am Rhein (https:\/\/www.verbraucher-schlichter.de).<\/p>\n<p>&nbsp;<\/p>\n<p><strong>Liability for content<\/strong><br>\nAs a service provider, we are responsible for our own content on these pages in accordance with general legislation pursuant to Section 7 (1) of the Telemedia Act (TMG). However, according to \u00a7\u00a7 8 to 10 TMG, we as a service provider are not obliged to monitor transmitted or stored third-party information or to investigate circumstances that indicate illegal activity. Obligations to remove or block the use of information under general law remain unaffected. However, liability in this regard is only possible from the moment that knowledge of a specific infringement is obtained. If we become aware of any such infringement, we will remove the content immediately.<\/p>\n<p>&nbsp;<\/p>\n<p><strong>Liability for links<\/strong><br>\nOur site contains links to external websites over which we have no control. Therefore, we cannot assume any liability for this third-party content. The respective provider or operator of the linked pages is always responsible for the content of those pages. The linked pages were checked for possible legal violations at the time of linking. No illegal content was recognisable at the time of linking. However, permanent content control of the linked pages is not reasonable without concrete evidence of a legal violation. If we become aware of any legal violations, we will remove such links immediately.<\/p>\n<p>&nbsp;<\/p>\n<p><strong>Copyright<\/strong><br>\nThe content and works on these pages created by the site operators are subject to German copyright law. Reproduction, adaptation, distribution or any kind of exploitation outside the limits of copyright require the written consent of its respective author or creator. Downloads and copies are permitted only for private, non-commercial use. Insofar as the content on this site was not created by the operator, the copyrights of third parties have been observed. In particular, content from third parties is labelled as such. If, despite this, you notice a copyright infringement, please notify us accordingly. If we become aware of any infringements, we will remove the content in question immediately.<\/p>\n<p>&nbsp;<\/p>\n<p><strong>Photo credits<\/strong><\/p>\n<p><a href=\"https:\/\/esg-dna.com\/en\/\">Startseite<\/a><br>\nDC Studio \u2013 stock.adobe.com \u2013 Asset-ID 183011312<br>\nFlashizzle\/peopleimages.com \u2013 stock.adobe.com \u2013 Asset-ID 1029906840&nbsp;<\/p>\n<p><a href=\"https:\/\/esg-dna.com\/en\/ihr-nachhaltigkeitsbericht\/\">Your Sustainability Report<\/a><br>\nDC Studio \u2013 stock.adobe.com \u2013 Asset-ID 1854758033<br>\nInfiniteFlow \u2013 stock.adobe.com \u2013 Asset-ID 183011313<br>\ntippapatt \u2013 stock.adobe.com \u2013 Asset-ID 1675425309<\/p>\n<p><a href=\"https:\/\/esg-dna.com\/en\/esgoffice\/\">ESG-Office<\/a><br>\nFlashizzle\/peopleimages.com \u2013 stock.adobe.com \u2013 Asset-ID 1029906840<br>\nInfiniteFlow \u2013 stock.adobe.com \u2013 Asset-ID 183011313<br>\ntippapatt \u2013 stock.adobe.com \u2013 Asset-ID 1675425309<\/p>\n<p><a href=\"https:\/\/esg-dna.com\/en\/starboard-sme-software\/\">Starboard-SME-Software<\/a><br>\nInfiniteFlow \u2013 stock.adobe.com \u2013 Asset-ID 183011313<br>\ntippapatt \u2013 stock.adobe.com \u2013 Asset-ID 1675425309<\/p>\n<p><a href=\"https:\/\/esg-dna.com\/en\/starboard-enterprise\/\">Starboard-Enterprise<\/a><br>\nInfiniteFlow \u2013 stock.adobe.com \u2013 Asset-ID 183011313<br>\ntippapatt \u2013 stock.adobe.com \u2013 Asset-ID 1675425309<\/p>\n<p><a href=\"https:\/\/esg-dna.com\/en\/unternehmen\/\">Company<\/a><br>\npeopleimages.com \u2013 stock.adobe.com \u2013 Asset-ID 1403664527<br>\ntippapatt \u2013 stock.adobe.com \u2013 Asset-ID 1625673379<br>\nTheWaterMeloonProjec \u2013 stock.adobe.com \u2013 Asset-ID 733492403<br>\nDC Studio \u2013 stock.adobe.com \u2013 Asset-ID 1830113112<\/p>\n<p><a href=\"https:\/\/esg-dna.com\/en\/beratung\/\">Consulting<\/a><br>\nAndrey Popov \u2013 stock.adobe.com \u2013 Asset-ID 504534821<br>\nInfiniteFlow \u2013 stock.adobe.com \u2013 Asset-ID 183011313<\/p>\n<p><a href=\"https:\/\/esg-dna.com\/en\/referenzen2026\/\">References<\/a><br>\nchitsanupong \u2013 stock.adobe.com \u2013 Asset-ID 493787405<br>\n24K-Production \u2013 stock.adobe.com \u2013 Asset-ID 1628325046<\/p>\n<p><a href=\"https:\/\/esg-dna.com\/en\/demo-buchen\/\">Demo-Buchen<\/a><br>\ntippapatt \u2013 stock.adobe.com \u2013 Asset-ID 1625673379<\/p>\n<p><a href=\"https:\/\/esg-dna.com\/en\/self-assessment\/\">Self-Assessment<\/a><br>\nTheWaterMeloonProjec \u2013 stock.adobe.com \u2013 Asset-ID 733492403<\/p>\n<p><a href=\"https:\/\/esg-dna.com\/en\/\">Startseite<\/a><br>\nWoraphon \u2013 stock.adobe.com<\/p>\n<p><a href=\"https:\/\/esg-dna.com\/en\/solutions-services\/\">Solutions &amp; Services<\/a> \/ <a href=\"https:\/\/esg-dna.com\/en\/impressum\/\">Imprint<\/a> \/ <a href=\"https:\/\/esg-dna.com\/en\/datenschutz\/\">Data protection<\/a><br>\nKozio\u0142 Kamila \u2013 stock.adobe.com<\/p>\n<p><a href=\"https:\/\/esg-dna.com\/en\/esg-screening\/\">ESG-Screening<\/a><br>\nAi Studio \u2013 stock.adobe.com<\/p>\n<p><a href=\"https:\/\/esg-dna.com\/en\/ueber-uns\/\">About us<\/a><br>\npham \u2013 stock.adobe.com<\/p>\n<p><a href=\"https:\/\/esg-dna.com\/en\/ueber-uns\/\">About us<\/a><br>\nDaniel Kraso\u0144 \u2013 stock.adobe.com<\/p>\n<p><a href=\"https:\/\/esg-dna.com\/en\/karriere\/\">Job offers<\/a><br>\nLouis-Photo \u2013 stock.adobe.com<\/p>\n<p><a href=\"https:\/\/esg-dna.com\/en\/partner\/\">Partner<\/a><br>\nAlvov \u2013 stock.adobe.com<\/p>\n<p><a href=\"https:\/\/esg-dna.com\/en\/news\/\">News<\/a><br>\nvixion \u2013 stock.adobe.com<\/p>\n<p><a href=\"https:\/\/esg-dna.com\/en\/kundenreferenzen\/\">Customer references<\/a><br>\nRS.Foto \u2013 stock.adobe.com<\/p>\n<p><a href=\"https:\/\/esg-dna.com\/en\/videos-webinare\/\">Videos &amp; Webinars<\/a><br>\nSundas \u2013 stock.adobe.com<\/p>\n<p><a href=\"https:\/\/esg-dna.com\/en\/videos-webinare\/\">Videos &amp; Webinars<\/a><br>\n\u041a\u0430\u0442\u0435\u0440\u0438\u043d\u0430 \u0404\u0432\u0442\u0435\u0445\u043e\u0432\u0430 \u2013 stock.adobe.com<\/p>\n<p><a href=\"https:\/\/esg-dna.com\/en\/videos-webinare\/\">Videos &amp; Webinars<\/a><br>\nvartzbed \u2013 stock.adobe.com<\/p>\n<p><a href=\"https:\/\/esg-dna.com\/en\/kontakt\/\">Contact<\/a><br>\nErich \u2013 stock.adobe.com<\/p>\n<\/div>\n<\/div>\n<\/div>\n<\/div>\n<\/div>\n<\/section>\n<\/div>\n<\/div>\n<\/div>\n<\/div>\n<\/div>\n<\/div>\n<\/div>\n<\/div>\t\t\t\t\t\t\t\t<\/div>\n\t\t\t\t<\/div>\n\t\t\t\t\t<\/div>\n\t\t\t\t<\/div>\n\t\t\t\t<\/div>","protected":false},"excerpt":{"rendered":"<p>Impressum Angaben nach \u00a7 5 TMG ESG.DNA GmbH c\/o collective.ruhr R\u00fcttenscheider Str. 120 45131 Essen &nbsp; Handelsregister: HRB 36716 Registergericht: Amtsgericht Essen Vertreten durch Mark Bennett J\u00f6rg Uwer Kontakt Telefon: +49 69 74 22 16 80 E-Mail:&nbsp;info@esg-dna.com EU-Streitschlichtung Die Europ\u00e4ische Kommission stellt eine Plattform zur Online-Streitbeilegung (OS) bereit: https:\/\/ec.europa.eu\/consumers\/odr. Unsere E-Mail-Adresse finden Sie oben im [&hellip;]<\/p>\n","protected":false},"author":1,"featured_media":0,"parent":0,"menu_order":0,"comment_status":"closed","ping_status":"closed","template":"","meta":{"inline_featured_image":false,"site-sidebar-layout":"no-sidebar","site-content-layout":"page-builder","ast-site-content-layout":"full-width-container","site-content-style":"unboxed","site-sidebar-style":"unboxed","ast-global-header-display":"","ast-banner-title-visibility":"","ast-main-header-display":"","ast-hfb-above-header-display":"","ast-hfb-below-header-display":"","ast-hfb-mobile-header-display":"","site-post-title":"disabled","ast-breadcrumbs-content":"","ast-featured-img":"disabled","footer-sml-layout":"","ast-disable-related-posts":"","theme-transparent-header-meta":"enabled","adv-header-id-meta":"","stick-header-meta":"","header-above-stick-meta":"","header-main-stick-meta":"","header-below-stick-meta":"","astra-migrate-meta-layouts":"set","ast-page-background-enabled":"default","ast-page-background-meta":{"desktop":{"background-color":"var(--ast-global-color-5)","background-image":"","background-repeat":"repeat","background-position":"center center","background-size":"auto","background-attachment":"scroll","background-type":"","background-media":"","overlay-type":"","overlay-color":"","overlay-opacity":"","overlay-gradient":""},"tablet":{"background-color":"","background-image":"","background-repeat":"repeat","background-position":"center center","background-size":"auto","background-attachment":"scroll","background-type":"","background-media":"","overlay-type":"","overlay-color":"","overlay-opacity":"","overlay-gradient":""},"mobile":{"background-color":"","background-image":"","background-repeat":"repeat","background-position":"center center","background-size":"auto","background-attachment":"scroll","background-type":"","background-media":"","overlay-type":"","overlay-color":"","overlay-opacity":"","overlay-gradient":""}},"ast-content-background-meta":{"desktop":{"background-color":"var(--ast-global-color-4)","background-image":"","background-repeat":"repeat","background-position":"center center","background-size":"auto","background-attachment":"scroll","background-type":"","background-media":"","overlay-type":"","overlay-color":"","overlay-opacity":"","overlay-gradient":""},"tablet":{"background-color":"var(--ast-global-color-4)","background-image":"","background-repeat":"repeat","background-position":"center center","background-size":"auto","background-attachment":"scroll","background-type":"","background-media":"","overlay-type":"","overlay-color":"","overlay-opacity":"","overlay-gradient":""},"mobile":{"background-color":"var(--ast-global-color-4)","background-image":"","background-repeat":"repeat","background-position":"center center","background-size":"auto","background-attachment":"scroll","background-type":"","background-media":"","overlay-type":"","overlay-color":"","overlay-opacity":"","overlay-gradient":""}},"footnotes":""},"class_list":["post-4551","page","type-page","status-publish","hentry"],"_links":{"self":[{"href":"https:\/\/esg-dna.com\/en\/wp-json\/wp\/v2\/pages\/4551","targetHints":{"allow":["GET"]}}],"collection":[{"href":"https:\/\/esg-dna.com\/en\/wp-json\/wp\/v2\/pages"}],"about":[{"href":"https:\/\/esg-dna.com\/en\/wp-json\/wp\/v2\/types\/page"}],"author":[{"embeddable":true,"href":"https:\/\/esg-dna.com\/en\/wp-json\/wp\/v2\/users\/1"}],"replies":[{"embeddable":true,"href":"https:\/\/esg-dna.com\/en\/wp-json\/wp\/v2\/comments?post=4551"}],"version-history":[{"count":40,"href":"https:\/\/esg-dna.com\/en\/wp-json\/wp\/v2\/pages\/4551\/revisions"}],"predecessor-version":[{"id":8906,"href":"https:\/\/esg-dna.com\/en\/wp-json\/wp\/v2\/pages\/4551\/revisions\/8906"}],"wp:attachment":[{"href":"https:\/\/esg-dna.com\/en\/wp-json\/wp\/v2\/media?parent=4551"}],"curies":[{"name":"wp","href":"https:\/\/api.w.org\/{rel}","templated":true}]}}